{"id":2423,"date":"2022-12-17T00:00:26","date_gmt":"2022-12-16T22:00:26","guid":{"rendered":"https:\/\/zepgis.de\/%d8%a7%d8%ab%d8%b1-%d8%a7%d9%86%da%af%d8%b4%d8%aa\/"},"modified":"2025-08-05T15:56:53","modified_gmt":"2025-08-05T13:56:53","slug":"imprint","status":"publish","type":"page","link":"https:\/\/zepgis.de\/fa\/imprint\/","title":{"rendered":"\u0627\u062b\u0631 \u0627\u0646\u06af\u0634\u062a"},"content":{"rendered":"\n<p>ZePGiS e.V. &#8211; Zentrum f\u00fcr psychosoziale Gesundheit in Schaumburg<br>Echternstra\u00dfe 5<br>31655 Stadthagen<\/p>\n\n\n\n<p>\u062b\u0628\u062a \u062f\u0631 \u062f\u0641\u062a\u0631 \u0627\u0646\u062c\u0645\u0646: VR 200370<br>\u062f\u0627\u062f\u06af\u0627\u0647 \u062b\u0628\u062a: Amtsgericht Stadthagen<\/p>\n\n\n\n<p><strong>\u0646\u0645\u0627\u06cc\u0646\u062f\u06af\u0627\u0646:<\/strong><br>\u0644\u06cc\u0627\u0646\u0647 \u0645\u0627\u0631\u062a\u0646\u0633<br>\u06a9\u0644\u0627\u0648\u0633 \u0627\u0633\u062a\u0631\u0645\u067e\u0644<br>\u06a9\u0631\u0633\u062a\u06cc\u0646 \u062a\u06cc\u0644\u0647\u200c\u0631<\/p>\n\n\n\n<h2 class=\"wp-block-heading\">\u0627\u0637\u0644\u0627\u0639\u0627\u062a \u062a\u0645\u0627\u0633<\/h2>\n\n\n\n<p>\u062a\u0644\u0641\u0646: \u200e+49 (0)1514 4229694<br>\u0627\u06cc\u0645\u06cc\u0644: info@zepgis.de<\/p>\n\n\n\n<h2 class=\"wp-block-heading\">\u0645\u0633\u0626\u0648\u0644\u0627\u0646 \u0645\u062d\u062a\u0648\u0627\u06cc\u06cc<\/h2>\n\n\n\n<p>\u0633\u0648\u0646\u06cc\u062a\u0627 \u0645\u0627\u0631\u06cc\u0627 \u06a9\u0648\u0645\u0627\u0631<br>\u06a9\u0631\u0633\u062a\u06cc\u0646 \u062a\u06cc\u0644\u0647\u200c\u0631<\/p>\n\n\n\n<h2 class=\"wp-block-heading\">\u062d\u0644\u200c\u0648\u0641\u0635\u0644 \u0627\u062e\u062a\u0644\u0627\u0641\u0627\u062a \u0645\u0635\u0631\u0641\u200c\u06a9\u0646\u0646\u062f\u0647 \/ \u0645\u0631\u06a9\u0632 \u062d\u0644\u200c\u0648\u0641\u0635\u0644 \u062c\u0647\u0627\u0646\u06cc<\/h2>\n\n\n\n<p>\u0645\u0627 \u0645\u0627\u06cc\u0644 \u06cc\u0627 \u0645\u0648\u0638\u0641 \u0628\u0647 \u0634\u0631\u06a9\u062a \u062f\u0631 \u0631\u0648\u0646\u062f \u062d\u0644 \u0627\u062e\u062a\u0644\u0627\u0641\u0627\u062a \u0627\u0632 \u0637\u0631\u06cc\u0642 \u0645\u0631\u0627\u06a9\u0632 \u062d\u0644\u200c\u0648\u0641\u0635\u0644 \u0627\u062e\u062a\u0644\u0627\u0641\u0627\u062a \u0645\u0635\u0631\u0641\u200c\u06a9\u0646\u0646\u062f\u0647 \u0646\u06cc\u0633\u062a\u06cc\u0645.<\/p>\n","protected":false},"excerpt":{"rendered":"<p>ZePGiS e.V. &#8211; Zentrum f\u00fcr psychosoziale Gesundheit in SchaumburgEchternstra\u00dfe 531655 Stadthagen \u062b\u0628\u062a \u062f\u0631 \u062f\u0641\u062a\u0631 \u0627\u0646\u062c\u0645\u0646: VR 200370\u062f\u0627\u062f\u06af\u0627\u0647 \u062b\u0628\u062a: Amtsgericht Stadthagen \u0646\u0645\u0627\u06cc\u0646\u062f\u06af\u0627\u0646:\u0644\u06cc\u0627\u0646\u0647 \u0645\u0627\u0631\u062a\u0646\u0633\u06a9\u0644\u0627\u0648\u0633 \u0627\u0633\u062a\u0631\u0645\u067e\u0644\u06a9\u0631\u0633\u062a\u06cc\u0646 \u062a\u06cc\u0644\u0647\u200c\u0631 \u0627\u0637\u0644\u0627\u0639\u0627\u062a \u062a\u0645\u0627\u0633 \u062a\u0644\u0641\u0646: \u200e+49 (0)1514 4229694\u0627\u06cc\u0645\u06cc\u0644: info@zepgis.de \u0645\u0633\u0626\u0648\u0644\u0627\u0646 \u0645\u062d\u062a\u0648\u0627\u06cc\u06cc \u0633\u0648\u0646\u06cc\u062a\u0627 \u0645\u0627\u0631\u06cc\u0627 \u06a9\u0648\u0645\u0627\u0631\u06a9\u0631\u0633\u062a\u06cc\u0646 \u062a\u06cc\u0644\u0647\u200c\u0631 \u062d\u0644\u200c\u0648\u0641\u0635\u0644 \u0627\u062e\u062a\u0644\u0627\u0641\u0627\u062a \u0645\u0635\u0631\u0641\u200c\u06a9\u0646\u0646\u062f\u0647 \/ \u0645\u0631\u06a9\u0632 \u062d\u0644\u200c\u0648\u0641\u0635\u0644 \u062c\u0647\u0627\u0646\u06cc \u0645\u0627 \u0645\u0627\u06cc\u0644 \u06cc\u0627 \u0645\u0648\u0638\u0641 \u0628\u0647 \u0634\u0631\u06a9\u062a \u062f\u0631 \u0631\u0648\u0646\u062f \u062d\u0644 \u0627\u062e\u062a\u0644\u0627\u0641\u0627\u062a \u0627\u0632 [&hellip;]<\/p>\n","protected":false},"author":1,"featured_media":0,"parent":0,"menu_order":0,"comment_status":"closed","ping_status":"closed","template":"","meta":{"inline_featured_image":false,"footnotes":""},"class_list":["post-2423","page","type-page","status-publish","hentry"],"yoast_head":"<!-- This site is optimized with the Yoast SEO plugin v27.4 - https:\/\/yoast.com\/product\/yoast-seo-wordpress\/ -->\n<title>\u0627\u062b\u0631 \u0627\u0646\u06af\u0634\u062a - ZEPGIS - Zentrum f\u00fcr psychosoziale Gesundheit in Schaumburg<\/title>\n<meta name=\"robots\" content=\"noindex, nofollow\" \/>\n<meta property=\"og:locale\" content=\"fa_IR\" \/>\n<meta property=\"og:type\" content=\"article\" \/>\n<meta property=\"og:title\" content=\"\u0627\u062b\u0631 \u0627\u0646\u06af\u0634\u062a - ZEPGIS - Zentrum f\u00fcr psychosoziale Gesundheit in Schaumburg\" \/>\n<meta property=\"og:description\" content=\"ZePGiS e.V. &#8211; Zentrum f\u00fcr psychosoziale Gesundheit in SchaumburgEchternstra\u00dfe 531655 Stadthagen \u062b\u0628\u062a \u062f\u0631 \u062f\u0641\u062a\u0631 \u0627\u0646\u062c\u0645\u0646: VR 200370\u062f\u0627\u062f\u06af\u0627\u0647 \u062b\u0628\u062a: Amtsgericht Stadthagen \u0646\u0645\u0627\u06cc\u0646\u062f\u06af\u0627\u0646:\u0644\u06cc\u0627\u0646\u0647 \u0645\u0627\u0631\u062a\u0646\u0633\u06a9\u0644\u0627\u0648\u0633 \u0627\u0633\u062a\u0631\u0645\u067e\u0644\u06a9\u0631\u0633\u062a\u06cc\u0646 \u062a\u06cc\u0644\u0647\u200c\u0631 \u0627\u0637\u0644\u0627\u0639\u0627\u062a \u062a\u0645\u0627\u0633 \u062a\u0644\u0641\u0646: \u200e+49 (0)1514 4229694\u0627\u06cc\u0645\u06cc\u0644: info@zepgis.de \u0645\u0633\u0626\u0648\u0644\u0627\u0646 \u0645\u062d\u062a\u0648\u0627\u06cc\u06cc \u0633\u0648\u0646\u06cc\u062a\u0627 \u0645\u0627\u0631\u06cc\u0627 \u06a9\u0648\u0645\u0627\u0631\u06a9\u0631\u0633\u062a\u06cc\u0646 \u062a\u06cc\u0644\u0647\u200c\u0631 \u062d\u0644\u200c\u0648\u0641\u0635\u0644 \u0627\u062e\u062a\u0644\u0627\u0641\u0627\u062a \u0645\u0635\u0631\u0641\u200c\u06a9\u0646\u0646\u062f\u0647 \/ \u0645\u0631\u06a9\u0632 \u062d\u0644\u200c\u0648\u0641\u0635\u0644 \u062c\u0647\u0627\u0646\u06cc \u0645\u0627 \u0645\u0627\u06cc\u0644 \u06cc\u0627 \u0645\u0648\u0638\u0641 \u0628\u0647 \u0634\u0631\u06a9\u062a \u062f\u0631 \u0631\u0648\u0646\u062f \u062d\u0644 \u0627\u062e\u062a\u0644\u0627\u0641\u0627\u062a \u0627\u0632 [&hellip;]\" \/>\n<meta property=\"og:url\" content=\"https:\/\/zepgis.de\/fa\/imprint\/\" \/>\n<meta property=\"og:site_name\" content=\"ZEPGIS - Zentrum f\u00fcr psychosoziale Gesundheit in Schaumburg\" \/>\n<meta property=\"article:modified_time\" content=\"2025-08-05T13:56:53+00:00\" \/>\n<meta name=\"twitter:card\" content=\"summary_large_image\" \/>\n<meta name=\"twitter:label1\" content=\"\u0632\u0645\u0627\u0646 \u062a\u0642\u0631\u06cc\u0628\u06cc \u0628\u0631\u0627\u06cc \u062e\u0648\u0627\u0646\u062f\u0646\" \/>\n\t<meta name=\"twitter:data1\" content=\"1 \u062f\u0642\u06cc\u0642\u0647\" \/>\n<!-- \/ Yoast SEO plugin. -->","yoast_head_json":{"title":"\u0627\u062b\u0631 \u0627\u0646\u06af\u0634\u062a - ZEPGIS - Zentrum f\u00fcr psychosoziale Gesundheit in Schaumburg","robots":{"index":"noindex","follow":"nofollow"},"og_locale":"fa_IR","og_type":"article","og_title":"\u0627\u062b\u0631 \u0627\u0646\u06af\u0634\u062a - ZEPGIS - Zentrum f\u00fcr psychosoziale Gesundheit in Schaumburg","og_description":"ZePGiS e.V. &#8211; Zentrum f\u00fcr psychosoziale Gesundheit in SchaumburgEchternstra\u00dfe 531655 Stadthagen \u062b\u0628\u062a \u062f\u0631 \u062f\u0641\u062a\u0631 \u0627\u0646\u062c\u0645\u0646: VR 200370\u062f\u0627\u062f\u06af\u0627\u0647 \u062b\u0628\u062a: Amtsgericht Stadthagen \u0646\u0645\u0627\u06cc\u0646\u062f\u06af\u0627\u0646:\u0644\u06cc\u0627\u0646\u0647 \u0645\u0627\u0631\u062a\u0646\u0633\u06a9\u0644\u0627\u0648\u0633 \u0627\u0633\u062a\u0631\u0645\u067e\u0644\u06a9\u0631\u0633\u062a\u06cc\u0646 \u062a\u06cc\u0644\u0647\u200c\u0631 \u0627\u0637\u0644\u0627\u0639\u0627\u062a \u062a\u0645\u0627\u0633 \u062a\u0644\u0641\u0646: \u200e+49 (0)1514 4229694\u0627\u06cc\u0645\u06cc\u0644: info@zepgis.de \u0645\u0633\u0626\u0648\u0644\u0627\u0646 \u0645\u062d\u062a\u0648\u0627\u06cc\u06cc \u0633\u0648\u0646\u06cc\u062a\u0627 \u0645\u0627\u0631\u06cc\u0627 \u06a9\u0648\u0645\u0627\u0631\u06a9\u0631\u0633\u062a\u06cc\u0646 \u062a\u06cc\u0644\u0647\u200c\u0631 \u062d\u0644\u200c\u0648\u0641\u0635\u0644 \u0627\u062e\u062a\u0644\u0627\u0641\u0627\u062a \u0645\u0635\u0631\u0641\u200c\u06a9\u0646\u0646\u062f\u0647 \/ \u0645\u0631\u06a9\u0632 \u062d\u0644\u200c\u0648\u0641\u0635\u0644 \u062c\u0647\u0627\u0646\u06cc \u0645\u0627 \u0645\u0627\u06cc\u0644 \u06cc\u0627 \u0645\u0648\u0638\u0641 \u0628\u0647 \u0634\u0631\u06a9\u062a \u062f\u0631 \u0631\u0648\u0646\u062f \u062d\u0644 \u0627\u062e\u062a\u0644\u0627\u0641\u0627\u062a \u0627\u0632 [&hellip;]","og_url":"https:\/\/zepgis.de\/fa\/imprint\/","og_site_name":"ZEPGIS - Zentrum f\u00fcr psychosoziale Gesundheit in Schaumburg","article_modified_time":"2025-08-05T13:56:53+00:00","twitter_card":"summary_large_image","twitter_misc":{"\u0632\u0645\u0627\u0646 \u062a\u0642\u0631\u06cc\u0628\u06cc \u0628\u0631\u0627\u06cc \u062e\u0648\u0627\u0646\u062f\u0646":"1 \u062f\u0642\u06cc\u0642\u0647"},"schema":{"@context":"https:\/\/schema.org","@graph":[{"@type":"WebPage","@id":"https:\/\/zepgis.de\/fa\/imprint\/","url":"https:\/\/zepgis.de\/fa\/imprint\/","name":"\u0627\u062b\u0631 \u0627\u0646\u06af\u0634\u062a - ZEPGIS - Zentrum f\u00fcr psychosoziale Gesundheit in Schaumburg","isPartOf":{"@id":"https:\/\/zepgis.de\/fa\/#website"},"datePublished":"2022-12-16T22:00:26+00:00","dateModified":"2025-08-05T13:56:53+00:00","breadcrumb":{"@id":"https:\/\/zepgis.de\/fa\/imprint\/#breadcrumb"},"inLanguage":"fa-IR","potentialAction":[{"@type":"ReadAction","target":["https:\/\/zepgis.de\/fa\/imprint\/"]}]},{"@type":"BreadcrumbList","@id":"https:\/\/zepgis.de\/fa\/imprint\/#breadcrumb","itemListElement":[{"@type":"ListItem","position":1,"name":"Startseite","item":"https:\/\/zepgis.de\/fa\/"},{"@type":"ListItem","position":2,"name":"\u0627\u062b\u0631 \u0627\u0646\u06af\u0634\u062a"}]},{"@type":"WebSite","@id":"https:\/\/zepgis.de\/fa\/#website","url":"https:\/\/zepgis.de\/fa\/","name":"ZePGiS e.V. - Zentrum f\u00fcr psychosoziale Gesundheit in Schaumburg","description":"","publisher":{"@id":"https:\/\/zepgis.de\/fa\/#organization"},"potentialAction":[{"@type":"SearchAction","target":{"@type":"EntryPoint","urlTemplate":"https:\/\/zepgis.de\/fa\/?s={search_term_string}"},"query-input":{"@type":"PropertyValueSpecification","valueRequired":true,"valueName":"search_term_string"}}],"inLanguage":"fa-IR"},{"@type":"Organization","@id":"https:\/\/zepgis.de\/fa\/#organization","name":"ZEPGIS - Zentrum f\u00fcr psychosoziale Gesundheit in Schaumburg","url":"https:\/\/zepgis.de\/fa\/","logo":{"@type":"ImageObject","inLanguage":"fa-IR","@id":"https:\/\/zepgis.de\/fa\/#\/schema\/logo\/image\/","url":"https:\/\/zepgis.de\/wp-content\/uploads\/2024\/02\/Logo_Web.svg","contentUrl":"https:\/\/zepgis.de\/wp-content\/uploads\/2024\/02\/Logo_Web.svg","width":198,"height":100,"caption":"ZEPGIS - Zentrum f\u00fcr psychosoziale Gesundheit in Schaumburg"},"image":{"@id":"https:\/\/zepgis.de\/fa\/#\/schema\/logo\/image\/"}}]}},"_links":{"self":[{"href":"https:\/\/zepgis.de\/fa\/wp-json\/wp\/v2\/pages\/2423","targetHints":{"allow":["GET"]}}],"collection":[{"href":"https:\/\/zepgis.de\/fa\/wp-json\/wp\/v2\/pages"}],"about":[{"href":"https:\/\/zepgis.de\/fa\/wp-json\/wp\/v2\/types\/page"}],"author":[{"embeddable":true,"href":"https:\/\/zepgis.de\/fa\/wp-json\/wp\/v2\/users\/1"}],"replies":[{"embeddable":true,"href":"https:\/\/zepgis.de\/fa\/wp-json\/wp\/v2\/comments?post=2423"}],"version-history":[{"count":4,"href":"https:\/\/zepgis.de\/fa\/wp-json\/wp\/v2\/pages\/2423\/revisions"}],"predecessor-version":[{"id":2822,"href":"https:\/\/zepgis.de\/fa\/wp-json\/wp\/v2\/pages\/2423\/revisions\/2822"}],"wp:attachment":[{"href":"https:\/\/zepgis.de\/fa\/wp-json\/wp\/v2\/media?parent=2423"}],"curies":[{"name":"wp","href":"https:\/\/api.w.org\/{rel}","templated":true}]}}