{"id":2634,"date":"2025-01-09T20:49:22","date_gmt":"2025-01-09T18:49:22","guid":{"rendered":"https:\/\/zepgis.de\/accueil\/podcasts\/"},"modified":"2025-07-15T13:17:10","modified_gmt":"2025-07-15T11:17:10","slug":"podcasts","status":"publish","type":"page","link":"https:\/\/zepgis.de\/fr\/accueil\/podcasts\/","title":{"rendered":"Podcasts"},"content":{"rendered":"","protected":false},"excerpt":{"rendered":"","protected":false},"author":1,"featured_media":0,"parent":868,"menu_order":0,"comment_status":"closed","ping_status":"closed","template":"","meta":{"inline_featured_image":false,"footnotes":""},"class_list":["post-2634","page","type-page","status-publish","hentry"],"yoast_head":"<!-- This site is optimized with the Yoast SEO plugin v27.4 - https:\/\/yoast.com\/product\/yoast-seo-wordpress\/ -->\n<title>Podcasts - ZEPGIS - Zentrum f\u00fcr psychosoziale Gesundheit in Schaumburg<\/title>\n<meta name=\"description\" content=\"&quot;Empower Migrants&quot; est un projet sp\u00e9cialement con\u00e7u pour aider en particulier les personnes immigr\u00e9es du district de Schaumburg \u00e0 trouver le soutien dont elles ont besoin.\" \/>\n<meta name=\"robots\" content=\"index, follow, max-snippet:-1, max-image-preview:large, max-video-preview:-1\" \/>\n<link rel=\"canonical\" href=\"https:\/\/zepgis.de\/fr\/accueil\/podcasts\/\" \/>\n<meta property=\"og:locale\" content=\"fr_FR\" \/>\n<meta property=\"og:type\" content=\"article\" \/>\n<meta property=\"og:title\" content=\"Podcasts - ZEPGIS - Zentrum f\u00fcr psychosoziale Gesundheit in Schaumburg\" \/>\n<meta property=\"og:description\" content=\"&quot;Empower Migrants&quot; est un projet sp\u00e9cialement con\u00e7u pour aider en particulier les personnes immigr\u00e9es du district de Schaumburg \u00e0 trouver le soutien dont elles ont besoin.\" \/>\n<meta property=\"og:url\" content=\"https:\/\/zepgis.de\/fr\/accueil\/podcasts\/\" \/>\n<meta property=\"og:site_name\" content=\"ZEPGIS - Zentrum f\u00fcr psychosoziale Gesundheit in Schaumburg\" \/>\n<meta property=\"article:modified_time\" content=\"2025-07-15T11:17:10+00:00\" \/>\n<meta name=\"twitter:card\" content=\"summary_large_image\" \/>\n<meta name=\"twitter:label1\" content=\"Dur\u00e9e de lecture estim\u00e9e\" \/>\n\t<meta name=\"twitter:data1\" content=\"15 minutes\" \/>\n<!-- \/ Yoast SEO plugin. -->","yoast_head_json":{"title":"Podcasts - ZEPGIS - Zentrum f\u00fcr psychosoziale Gesundheit in Schaumburg","description":"\"Empower Migrants\" est un projet sp\u00e9cialement con\u00e7u pour aider en particulier les personnes immigr\u00e9es du district de Schaumburg \u00e0 trouver le soutien dont elles ont besoin.","robots":{"index":"index","follow":"follow","max-snippet":"max-snippet:-1","max-image-preview":"max-image-preview:large","max-video-preview":"max-video-preview:-1"},"canonical":"https:\/\/zepgis.de\/fr\/accueil\/podcasts\/","og_locale":"fr_FR","og_type":"article","og_title":"Podcasts - ZEPGIS - Zentrum f\u00fcr psychosoziale Gesundheit in Schaumburg","og_description":"\"Empower Migrants\" est un projet sp\u00e9cialement con\u00e7u pour aider en particulier les personnes immigr\u00e9es du district de Schaumburg \u00e0 trouver le soutien dont elles ont besoin.","og_url":"https:\/\/zepgis.de\/fr\/accueil\/podcasts\/","og_site_name":"ZEPGIS - Zentrum f\u00fcr psychosoziale Gesundheit in Schaumburg","article_modified_time":"2025-07-15T11:17:10+00:00","twitter_card":"summary_large_image","twitter_misc":{"Dur\u00e9e de lecture estim\u00e9e":"15 minutes"},"schema":{"@context":"https:\/\/schema.org","@graph":[{"@type":"WebPage","@id":"https:\/\/zepgis.de\/fr\/accueil\/podcasts\/","url":"https:\/\/zepgis.de\/fr\/accueil\/podcasts\/","name":"Podcasts - ZEPGIS - Zentrum f\u00fcr psychosoziale Gesundheit in Schaumburg","isPartOf":{"@id":"https:\/\/zepgis.de\/fr\/#website"},"datePublished":"2025-01-09T18:49:22+00:00","dateModified":"2025-07-15T11:17:10+00:00","description":"\"Empower Migrants\" est un projet sp\u00e9cialement con\u00e7u pour aider en particulier les personnes immigr\u00e9es du district de Schaumburg \u00e0 trouver le soutien dont elles ont besoin.","breadcrumb":{"@id":"https:\/\/zepgis.de\/fr\/accueil\/podcasts\/#breadcrumb"},"inLanguage":"fr-FR","potentialAction":[{"@type":"ReadAction","target":["https:\/\/zepgis.de\/fr\/accueil\/podcasts\/"]}]},{"@type":"BreadcrumbList","@id":"https:\/\/zepgis.de\/fr\/accueil\/podcasts\/#breadcrumb","itemListElement":[{"@type":"ListItem","position":1,"name":"Startseite","item":"https:\/\/zepgis.de\/fr\/"},{"@type":"ListItem","position":2,"name":"ZePGiS e.V.","item":"https:\/\/zepgis.de\/fr\/"},{"@type":"ListItem","position":3,"name":"Podcasts"}]},{"@type":"WebSite","@id":"https:\/\/zepgis.de\/fr\/#website","url":"https:\/\/zepgis.de\/fr\/","name":"ZePGiS e.V. - Zentrum f\u00fcr psychosoziale Gesundheit in Schaumburg","description":"","publisher":{"@id":"https:\/\/zepgis.de\/fr\/#organization"},"potentialAction":[{"@type":"SearchAction","target":{"@type":"EntryPoint","urlTemplate":"https:\/\/zepgis.de\/fr\/?s={search_term_string}"},"query-input":{"@type":"PropertyValueSpecification","valueRequired":true,"valueName":"search_term_string"}}],"inLanguage":"fr-FR"},{"@type":"Organization","@id":"https:\/\/zepgis.de\/fr\/#organization","name":"ZEPGIS - Zentrum f\u00fcr psychosoziale Gesundheit in Schaumburg","url":"https:\/\/zepgis.de\/fr\/","logo":{"@type":"ImageObject","inLanguage":"fr-FR","@id":"https:\/\/zepgis.de\/fr\/#\/schema\/logo\/image\/","url":"https:\/\/zepgis.de\/wp-content\/uploads\/2024\/02\/Logo_Web.svg","contentUrl":"https:\/\/zepgis.de\/wp-content\/uploads\/2024\/02\/Logo_Web.svg","width":198,"height":100,"caption":"ZEPGIS - Zentrum f\u00fcr psychosoziale Gesundheit in Schaumburg"},"image":{"@id":"https:\/\/zepgis.de\/fr\/#\/schema\/logo\/image\/"}}]}},"_links":{"self":[{"href":"https:\/\/zepgis.de\/fr\/wp-json\/wp\/v2\/pages\/2634","targetHints":{"allow":["GET"]}}],"collection":[{"href":"https:\/\/zepgis.de\/fr\/wp-json\/wp\/v2\/pages"}],"about":[{"href":"https:\/\/zepgis.de\/fr\/wp-json\/wp\/v2\/types\/page"}],"author":[{"embeddable":true,"href":"https:\/\/zepgis.de\/fr\/wp-json\/wp\/v2\/users\/1"}],"replies":[{"embeddable":true,"href":"https:\/\/zepgis.de\/fr\/wp-json\/wp\/v2\/comments?post=2634"}],"version-history":[{"count":4,"href":"https:\/\/zepgis.de\/fr\/wp-json\/wp\/v2\/pages\/2634\/revisions"}],"predecessor-version":[{"id":2763,"href":"https:\/\/zepgis.de\/fr\/wp-json\/wp\/v2\/pages\/2634\/revisions\/2763"}],"up":[{"embeddable":true,"href":"https:\/\/zepgis.de\/fr\/wp-json\/wp\/v2\/pages\/868"}],"wp:attachment":[{"href":"https:\/\/zepgis.de\/fr\/wp-json\/wp\/v2\/media?parent=2634"}],"curies":[{"name":"wp","href":"https:\/\/api.w.org\/{rel}","templated":true}]}}