{"id":868,"date":"2021-12-20T07:45:10","date_gmt":"2021-12-20T06:45:10","guid":{"rendered":"https:\/\/zepgis.de\/accueil\/"},"modified":"2026-04-02T22:02:51","modified_gmt":"2026-04-02T20:02:51","slug":"accueil","status":"publish","type":"page","link":"https:\/\/zepgis.de\/fr\/","title":{"rendered":"ZePGiS e.V."},"content":{"rendered":"\n<h2 class=\"wp-block-heading\">Centre de sant\u00e9 psychosociale de Schaumburg<\/h2>\n\n<p>est une <strong>association moderne et innovante<\/strong> de Schaumburg qui s&rsquo;engage \u00e0 permettre \u00e0 toutes les personnes handicap\u00e9es et limit\u00e9es d&rsquo;acc\u00e9der \u00e0 la vie sociale.<\/p>\n\n<p>Nous savons que nombre de ces <strong>restrictions<\/strong> sont <strong>invisibles<\/strong>.<\/p>\n\n<p>C&rsquo;est pourquoi nous soutenons les personnes de Schaumburg qui, en raison de leur situation personnelle, de leurs limitations physiques, intellectuelles ou psychiques, ont besoin <strong>d&rsquo;un soutien pour participer \u00e0 la vie sociale<\/strong>.<\/p>\n\n<p>NOUS SOMMES L\u00c0 POUR LES PERSONNES HANDICAP\u00c9ES, LES PERSONNES MENAC\u00c9ES DE HANDICAP ET LEURS PROCHES.<\/p>\n\n<p>NOTRE ASSOCIATION EST SYNONYME DE SENSIBILIT\u00c9 CULTURELLE ET DE CONVIVIALIT\u00c9 INTERG\u00c9N\u00c9RATIONNELLE.<\/p>\n\n<p>NOUS RESPECTONS LA DIVERSIT\u00c9 !<\/p>\n\n<h3 class=\"wp-block-heading\">Pourquoi nous faisons cela<\/h3>\n\n<h4 class=\"wp-block-heading\">Au Centre de sant\u00e9 psychosociale de Schaumburg (ZePGiS), nous comprenons la sant\u00e9 de mani\u00e8re globale.<\/h4>\n\n<p>Pour nous, la sant\u00e9 psychosociale signifie que chaque personne est capable de trouver un \u00e9quilibre int\u00e9rieur &#8211; m\u00eame si sa vie est d\u00e9s\u00e9quilibr\u00e9e par une maladie ou un handicap.<\/p>\n\n<p>Nous sommes convaincus qu&rsquo;il est possible de r\u00e9tablir cet \u00e9quilibre. Pour cela, il est essentiel d&rsquo;avoir acc\u00e8s aux bonnes informations et aux bonnes aides, et c&rsquo;est l\u00e0 que nous intervenons. <\/p>\n","protected":false},"excerpt":{"rendered":"<p>Centre de sant\u00e9 psychosociale de Schaumburg est une association moderne et innovante de Schaumburg qui s&rsquo;engage \u00e0 permettre \u00e0 toutes les personnes handicap\u00e9es et limit\u00e9es d&rsquo;acc\u00e9der \u00e0 la vie sociale. Nous savons que nombre de ces restrictions sont invisibles. C&rsquo;est pourquoi nous soutenons les personnes de Schaumburg qui, en raison de leur situation personnelle, de [&hellip;]<\/p>\n","protected":false},"author":1,"featured_media":828,"parent":0,"menu_order":0,"comment_status":"closed","ping_status":"closed","template":"","meta":{"inline_featured_image":false,"footnotes":""},"class_list":["post-868","page","type-page","status-publish","has-post-thumbnail","hentry"],"yoast_head":"<!-- This site is optimized with the Yoast SEO plugin v27.5 - https:\/\/yoast.com\/product\/yoast-seo-wordpress\/ -->\n<title>ZePGiS e.V. - ZEPGIS - Zentrum f\u00fcr psychosoziale Gesundheit in Schaumburg<\/title>\n<meta name=\"description\" content=\"Nous sommes une association moderne et innovante de Schaumburg, qui s&#039;engage \u00e0 permettre \u00e0 toutes les personnes handicap\u00e9es et limit\u00e9es d&#039;acc\u00e9der \u00e0 la vie sociale.\" \/>\n<meta name=\"robots\" content=\"index, follow, max-snippet:-1, max-image-preview:large, max-video-preview:-1\" \/>\n<link rel=\"canonical\" href=\"https:\/\/zepgis.de\/fr\/\" \/>\n<meta property=\"og:locale\" content=\"fr_FR\" \/>\n<meta property=\"og:type\" content=\"article\" \/>\n<meta property=\"og:title\" content=\"EUTB Schaumburg - Conseil ind\u00e9pendant compl\u00e9mentaire en mati\u00e8re de handicap partiel\" \/>\n<meta property=\"og:description\" content=\"Nous conseillons gratuitement sur les th\u00e8mes de la r\u00e9habilitation et de la participation dans les domaines suivants : logement, travail, loisirs, mobilit\u00e9, formation.\" \/>\n<meta property=\"og:url\" content=\"https:\/\/zepgis.de\/fr\/\" \/>\n<meta property=\"og:site_name\" content=\"ZEPGIS - Zentrum f\u00fcr psychosoziale Gesundheit in Schaumburg\" \/>\n<meta property=\"article:modified_time\" content=\"2026-04-02T20:02:51+00:00\" \/>\n<meta property=\"og:image\" content=\"https:\/\/zepgis.de\/wp-content\/uploads\/2023\/04\/logo_eutb.png\" \/>\n<meta name=\"twitter:card\" content=\"summary_large_image\" \/>\n<meta name=\"twitter:title\" content=\"EUTB Schaumburg - Conseil ind\u00e9pendant compl\u00e9mentaire en mati\u00e8re de handicap partiel\" \/>\n<meta name=\"twitter:description\" content=\"Nous conseillons gratuitement sur les th\u00e8mes de la r\u00e9habilitation et de la participation dans les domaines suivants : logement, travail, loisirs, mobilit\u00e9, formation.\" \/>\n<meta name=\"twitter:image\" content=\"https:\/\/zepgis.de\/wp-content\/uploads\/2023\/04\/logo_eutb.png\" \/>\n<meta name=\"twitter:label1\" content=\"Dur\u00e9e de lecture estim\u00e9e\" \/>\n\t<meta name=\"twitter:data1\" content=\"9 minutes\" \/>\n<!-- \/ Yoast SEO plugin. -->","yoast_head_json":{"title":"ZePGiS e.V. - ZEPGIS - Zentrum f\u00fcr psychosoziale Gesundheit in Schaumburg","description":"Nous sommes une association moderne et innovante de Schaumburg, qui s'engage \u00e0 permettre \u00e0 toutes les personnes handicap\u00e9es et limit\u00e9es d'acc\u00e9der \u00e0 la vie sociale.","robots":{"index":"index","follow":"follow","max-snippet":"max-snippet:-1","max-image-preview":"max-image-preview:large","max-video-preview":"max-video-preview:-1"},"canonical":"https:\/\/zepgis.de\/fr\/","og_locale":"fr_FR","og_type":"article","og_title":"EUTB Schaumburg - Conseil ind\u00e9pendant compl\u00e9mentaire en mati\u00e8re de handicap partiel","og_description":"Nous conseillons gratuitement sur les th\u00e8mes de la r\u00e9habilitation et de la participation dans les domaines suivants : logement, travail, loisirs, mobilit\u00e9, formation.","og_url":"https:\/\/zepgis.de\/fr\/","og_site_name":"ZEPGIS - Zentrum f\u00fcr psychosoziale Gesundheit in Schaumburg","article_modified_time":"2026-04-02T20:02:51+00:00","og_image":[{"url":"https:\/\/zepgis.de\/wp-content\/uploads\/2023\/04\/logo_eutb.png","type":"","width":"","height":""}],"twitter_card":"summary_large_image","twitter_title":"EUTB Schaumburg - Conseil ind\u00e9pendant compl\u00e9mentaire en mati\u00e8re de handicap partiel","twitter_description":"Nous conseillons gratuitement sur les th\u00e8mes de la r\u00e9habilitation et de la participation dans les domaines suivants : logement, travail, loisirs, mobilit\u00e9, formation.","twitter_image":"https:\/\/zepgis.de\/wp-content\/uploads\/2023\/04\/logo_eutb.png","twitter_misc":{"Dur\u00e9e de lecture estim\u00e9e":"9 minutes"},"schema":{"@context":"https:\/\/schema.org","@graph":[{"@type":"WebPage","@id":"https:\/\/zepgis.de\/fr\/","url":"https:\/\/zepgis.de\/fr\/","name":"ZePGiS e.V. - ZEPGIS - Zentrum f\u00fcr psychosoziale Gesundheit in Schaumburg","isPartOf":{"@id":"https:\/\/zepgis.de\/fr\/#website"},"primaryImageOfPage":{"@id":"https:\/\/zepgis.de\/fr\/#primaryimage"},"image":{"@id":"https:\/\/zepgis.de\/fr\/#primaryimage"},"thumbnailUrl":"https:\/\/zepgis.de\/wp-content\/uploads\/2023\/04\/logo_eutb.png","datePublished":"2021-12-20T06:45:10+00:00","dateModified":"2026-04-02T20:02:51+00:00","description":"Nous sommes une association moderne et innovante de Schaumburg, qui s'engage \u00e0 permettre \u00e0 toutes les personnes handicap\u00e9es et limit\u00e9es d'acc\u00e9der \u00e0 la vie sociale.","breadcrumb":{"@id":"https:\/\/zepgis.de\/fr\/#breadcrumb"},"inLanguage":"fr-FR","potentialAction":[{"@type":"ReadAction","target":["https:\/\/zepgis.de\/fr\/"]}]},{"@type":"ImageObject","inLanguage":"fr-FR","@id":"https:\/\/zepgis.de\/fr\/#primaryimage","url":"https:\/\/zepgis.de\/wp-content\/uploads\/2023\/04\/logo_eutb.png","contentUrl":"https:\/\/zepgis.de\/wp-content\/uploads\/2023\/04\/logo_eutb.png","width":1010,"height":434,"caption":"EUTB - Conseil ind\u00e9pendant compl\u00e9mentaire en mati\u00e8re de participation"},{"@type":"BreadcrumbList","@id":"https:\/\/zepgis.de\/fr\/#breadcrumb","itemListElement":[{"@type":"ListItem","position":1,"name":"Startseite","item":"https:\/\/zepgis.de\/fr\/"},{"@type":"ListItem","position":2,"name":"ZePGiS e.V."}]},{"@type":"WebSite","@id":"https:\/\/zepgis.de\/fr\/#website","url":"https:\/\/zepgis.de\/fr\/","name":"ZePGiS e.V. - Zentrum f\u00fcr psychosoziale Gesundheit in Schaumburg","description":"","publisher":{"@id":"https:\/\/zepgis.de\/fr\/#organization"},"potentialAction":[{"@type":"SearchAction","target":{"@type":"EntryPoint","urlTemplate":"https:\/\/zepgis.de\/fr\/?s={search_term_string}"},"query-input":{"@type":"PropertyValueSpecification","valueRequired":true,"valueName":"search_term_string"}}],"inLanguage":"fr-FR"},{"@type":"Organization","@id":"https:\/\/zepgis.de\/fr\/#organization","name":"ZEPGIS - Zentrum f\u00fcr psychosoziale Gesundheit in Schaumburg","url":"https:\/\/zepgis.de\/fr\/","logo":{"@type":"ImageObject","inLanguage":"fr-FR","@id":"https:\/\/zepgis.de\/fr\/#\/schema\/logo\/image\/","url":"https:\/\/zepgis.de\/wp-content\/uploads\/2024\/02\/Logo_Web.svg","contentUrl":"https:\/\/zepgis.de\/wp-content\/uploads\/2024\/02\/Logo_Web.svg","width":198,"height":100,"caption":"ZEPGIS - Zentrum f\u00fcr psychosoziale Gesundheit in Schaumburg"},"image":{"@id":"https:\/\/zepgis.de\/fr\/#\/schema\/logo\/image\/"}}]}},"_links":{"self":[{"href":"https:\/\/zepgis.de\/fr\/wp-json\/wp\/v2\/pages\/868","targetHints":{"allow":["GET"]}}],"collection":[{"href":"https:\/\/zepgis.de\/fr\/wp-json\/wp\/v2\/pages"}],"about":[{"href":"https:\/\/zepgis.de\/fr\/wp-json\/wp\/v2\/types\/page"}],"author":[{"embeddable":true,"href":"https:\/\/zepgis.de\/fr\/wp-json\/wp\/v2\/users\/1"}],"replies":[{"embeddable":true,"href":"https:\/\/zepgis.de\/fr\/wp-json\/wp\/v2\/comments?post=868"}],"version-history":[{"count":5,"href":"https:\/\/zepgis.de\/fr\/wp-json\/wp\/v2\/pages\/868\/revisions"}],"predecessor-version":[{"id":2758,"href":"https:\/\/zepgis.de\/fr\/wp-json\/wp\/v2\/pages\/868\/revisions\/2758"}],"wp:featuredmedia":[{"embeddable":true,"href":"https:\/\/zepgis.de\/fr\/wp-json\/wp\/v2\/media\/828"}],"wp:attachment":[{"href":"https:\/\/zepgis.de\/fr\/wp-json\/wp\/v2\/media?parent=868"}],"curies":[{"name":"wp","href":"https:\/\/api.w.org\/{rel}","templated":true}]}}