{"id":2437,"date":"2022-12-17T00:00:26","date_gmt":"2022-12-16T22:00:26","guid":{"rendered":"https:\/\/zepgis.de\/kuenye-2\/"},"modified":"2025-08-05T16:00:25","modified_gmt":"2025-08-05T14:00:25","slug":"kuenye-2","status":"publish","type":"page","link":"https:\/\/zepgis.de\/tr\/kuenye-2\/","title":{"rendered":"K\u00fcnye"},"content":{"rendered":"\n<p>ZePGiS e.V. &#8211; Zentrum f\u00fcr psychosoziale Gesundheit in Schaumburg<br>Echternstra\u00dfe 5<br>31655 Stadthagen<\/p>\n\n\n\n<p>Dernek Sicili: VR 200370<br>Sicil Mahkemesi: Amtsgericht Stadthagen<\/p>\n\n\n\n<p><strong>Temsilciler<\/strong>:<br>Liane Martens<br>Klaus Strempel<br>Kerstin Thieler<\/p>\n\n\n\n<h2 class=\"wp-block-heading\">\u0130leti\u015fim<\/h2>\n\n\n\n<p>Telefon: +49 (0)1514 4229694<br>E-posta: info@zepgis.de<\/p>\n\n\n\n<h2 class=\"wp-block-heading\">Yay\u0131n sorumlusu<\/h2>\n\n\n\n<p>Sunita Maria Kumar<br>Kerstin Thieler<\/p>\n\n\n\n<h2 class=\"wp-block-heading\">T\u00fcketici uyu\u015fmazl\u0131klar\u0131n\u0131n \u00e7\u00f6z\u00fcm\u00fc\/Evrensel arabuluculuk merkezi<\/h2>\n\n\n\n<p>T\u00fcketici arabuluculuk merkezinde uyu\u015fmazl\u0131klar\u0131n \u00e7\u00f6z\u00fcm\u00fc i\u00e7in yap\u0131lan i\u015flemlere kat\u0131lmaya haz\u0131r veya mecbur de\u011filiz.<\/p>\n","protected":false},"excerpt":{"rendered":"<p>ZePGiS e.V. &#8211; Zentrum f\u00fcr psychosoziale Gesundheit in SchaumburgEchternstra\u00dfe 531655 Stadthagen Dernek Sicili: VR 200370Sicil Mahkemesi: Amtsgericht Stadthagen Temsilciler:Liane MartensKlaus StrempelKerstin Thieler \u0130leti\u015fim Telefon: +49 (0)1514 4229694E-posta: info@zepgis.de Yay\u0131n sorumlusu Sunita Maria KumarKerstin Thieler T\u00fcketici uyu\u015fmazl\u0131klar\u0131n\u0131n \u00e7\u00f6z\u00fcm\u00fc\/Evrensel arabuluculuk merkezi T\u00fcketici arabuluculuk merkezinde uyu\u015fmazl\u0131klar\u0131n \u00e7\u00f6z\u00fcm\u00fc i\u00e7in yap\u0131lan i\u015flemlere kat\u0131lmaya haz\u0131r veya mecbur de\u011filiz.<\/p>\n","protected":false},"author":1,"featured_media":0,"parent":0,"menu_order":0,"comment_status":"closed","ping_status":"closed","template":"","meta":{"inline_featured_image":false,"footnotes":""},"class_list":["post-2437","page","type-page","status-publish","hentry"],"yoast_head":"<!-- This site is optimized with the Yoast SEO plugin v27.4 - https:\/\/yoast.com\/product\/yoast-seo-wordpress\/ -->\n<title>K\u00fcnye - ZEPGIS - Zentrum f\u00fcr psychosoziale Gesundheit in Schaumburg<\/title>\n<meta name=\"robots\" content=\"noindex, nofollow\" \/>\n<meta property=\"og:locale\" content=\"tr_TR\" \/>\n<meta property=\"og:type\" content=\"article\" \/>\n<meta property=\"og:title\" content=\"K\u00fcnye - ZEPGIS - Zentrum f\u00fcr psychosoziale Gesundheit in Schaumburg\" \/>\n<meta property=\"og:description\" content=\"ZePGiS e.V. &#8211; Zentrum f\u00fcr psychosoziale Gesundheit in SchaumburgEchternstra\u00dfe 531655 Stadthagen Dernek Sicili: VR 200370Sicil Mahkemesi: Amtsgericht Stadthagen Temsilciler:Liane MartensKlaus StrempelKerstin Thieler \u0130leti\u015fim Telefon: +49 (0)1514 4229694E-posta: info@zepgis.de Yay\u0131n sorumlusu Sunita Maria KumarKerstin Thieler T\u00fcketici uyu\u015fmazl\u0131klar\u0131n\u0131n \u00e7\u00f6z\u00fcm\u00fc\/Evrensel arabuluculuk merkezi T\u00fcketici arabuluculuk merkezinde uyu\u015fmazl\u0131klar\u0131n \u00e7\u00f6z\u00fcm\u00fc i\u00e7in yap\u0131lan i\u015flemlere kat\u0131lmaya haz\u0131r veya mecbur de\u011filiz.\" \/>\n<meta property=\"og:url\" content=\"https:\/\/zepgis.de\/tr\/kuenye-2\/\" \/>\n<meta property=\"og:site_name\" content=\"ZEPGIS - Zentrum f\u00fcr psychosoziale Gesundheit in Schaumburg\" \/>\n<meta property=\"article:modified_time\" content=\"2025-08-05T14:00:25+00:00\" \/>\n<meta name=\"twitter:card\" content=\"summary_large_image\" \/>\n<meta name=\"twitter:label1\" content=\"Tahmini okuma s\u00fcresi\" \/>\n\t<meta name=\"twitter:data1\" content=\"1 dakika\" \/>\n<!-- \/ Yoast SEO plugin. -->","yoast_head_json":{"title":"K\u00fcnye - ZEPGIS - Zentrum f\u00fcr psychosoziale Gesundheit in Schaumburg","robots":{"index":"noindex","follow":"nofollow"},"og_locale":"tr_TR","og_type":"article","og_title":"K\u00fcnye - ZEPGIS - Zentrum f\u00fcr psychosoziale Gesundheit in Schaumburg","og_description":"ZePGiS e.V. &#8211; Zentrum f\u00fcr psychosoziale Gesundheit in SchaumburgEchternstra\u00dfe 531655 Stadthagen Dernek Sicili: VR 200370Sicil Mahkemesi: Amtsgericht Stadthagen Temsilciler:Liane MartensKlaus StrempelKerstin Thieler \u0130leti\u015fim Telefon: +49 (0)1514 4229694E-posta: info@zepgis.de Yay\u0131n sorumlusu Sunita Maria KumarKerstin Thieler T\u00fcketici uyu\u015fmazl\u0131klar\u0131n\u0131n \u00e7\u00f6z\u00fcm\u00fc\/Evrensel arabuluculuk merkezi T\u00fcketici arabuluculuk merkezinde uyu\u015fmazl\u0131klar\u0131n \u00e7\u00f6z\u00fcm\u00fc i\u00e7in yap\u0131lan i\u015flemlere kat\u0131lmaya haz\u0131r veya mecbur de\u011filiz.","og_url":"https:\/\/zepgis.de\/tr\/kuenye-2\/","og_site_name":"ZEPGIS - Zentrum f\u00fcr psychosoziale Gesundheit in Schaumburg","article_modified_time":"2025-08-05T14:00:25+00:00","twitter_card":"summary_large_image","twitter_misc":{"Tahmini okuma s\u00fcresi":"1 dakika"},"schema":{"@context":"https:\/\/schema.org","@graph":[{"@type":"WebPage","@id":"https:\/\/zepgis.de\/tr\/kuenye-2\/","url":"https:\/\/zepgis.de\/tr\/kuenye-2\/","name":"K\u00fcnye - ZEPGIS - Zentrum f\u00fcr psychosoziale Gesundheit in Schaumburg","isPartOf":{"@id":"https:\/\/zepgis.de\/tr\/#website"},"datePublished":"2022-12-16T22:00:26+00:00","dateModified":"2025-08-05T14:00:25+00:00","breadcrumb":{"@id":"https:\/\/zepgis.de\/tr\/kuenye-2\/#breadcrumb"},"inLanguage":"tr","potentialAction":[{"@type":"ReadAction","target":["https:\/\/zepgis.de\/tr\/kuenye-2\/"]}]},{"@type":"BreadcrumbList","@id":"https:\/\/zepgis.de\/tr\/kuenye-2\/#breadcrumb","itemListElement":[{"@type":"ListItem","position":1,"name":"Startseite","item":"https:\/\/zepgis.de\/tr\/"},{"@type":"ListItem","position":2,"name":"K\u00fcnye"}]},{"@type":"WebSite","@id":"https:\/\/zepgis.de\/tr\/#website","url":"https:\/\/zepgis.de\/tr\/","name":"ZePGiS e.V. - Zentrum f\u00fcr psychosoziale Gesundheit in Schaumburg","description":"","publisher":{"@id":"https:\/\/zepgis.de\/tr\/#organization"},"potentialAction":[{"@type":"SearchAction","target":{"@type":"EntryPoint","urlTemplate":"https:\/\/zepgis.de\/tr\/?s={search_term_string}"},"query-input":{"@type":"PropertyValueSpecification","valueRequired":true,"valueName":"search_term_string"}}],"inLanguage":"tr"},{"@type":"Organization","@id":"https:\/\/zepgis.de\/tr\/#organization","name":"ZEPGIS - Zentrum f\u00fcr psychosoziale Gesundheit in Schaumburg","url":"https:\/\/zepgis.de\/tr\/","logo":{"@type":"ImageObject","inLanguage":"tr","@id":"https:\/\/zepgis.de\/tr\/#\/schema\/logo\/image\/","url":"https:\/\/zepgis.de\/wp-content\/uploads\/2024\/02\/Logo_Web.svg","contentUrl":"https:\/\/zepgis.de\/wp-content\/uploads\/2024\/02\/Logo_Web.svg","width":198,"height":100,"caption":"ZEPGIS - Zentrum f\u00fcr psychosoziale Gesundheit in Schaumburg"},"image":{"@id":"https:\/\/zepgis.de\/tr\/#\/schema\/logo\/image\/"}}]}},"_links":{"self":[{"href":"https:\/\/zepgis.de\/tr\/wp-json\/wp\/v2\/pages\/2437","targetHints":{"allow":["GET"]}}],"collection":[{"href":"https:\/\/zepgis.de\/tr\/wp-json\/wp\/v2\/pages"}],"about":[{"href":"https:\/\/zepgis.de\/tr\/wp-json\/wp\/v2\/types\/page"}],"author":[{"embeddable":true,"href":"https:\/\/zepgis.de\/tr\/wp-json\/wp\/v2\/users\/1"}],"replies":[{"embeddable":true,"href":"https:\/\/zepgis.de\/tr\/wp-json\/wp\/v2\/comments?post=2437"}],"version-history":[{"count":4,"href":"https:\/\/zepgis.de\/tr\/wp-json\/wp\/v2\/pages\/2437\/revisions"}],"predecessor-version":[{"id":2827,"href":"https:\/\/zepgis.de\/tr\/wp-json\/wp\/v2\/pages\/2437\/revisions\/2827"}],"wp:attachment":[{"href":"https:\/\/zepgis.de\/tr\/wp-json\/wp\/v2\/media?parent=2437"}],"curies":[{"name":"wp","href":"https:\/\/api.w.org\/{rel}","templated":true}]}}