{"id":2961,"date":"2026-02-03T14:28:40","date_gmt":"2026-02-03T13:28:40","guid":{"rendered":"https:\/\/zepgis.de\/?page_id=2961"},"modified":"2026-02-03T14:46:40","modified_gmt":"2026-02-03T13:46:40","slug":"goecmenleri-gueclendirin-goecmenler-icin-destek-2","status":"publish","type":"page","link":"https:\/\/zepgis.de\/tr\/anasayfa\/goecmenleri-gueclendirin-goecmenler-icin-destek-2\/","title":{"rendered":"G\u00f6\u00e7menleri G\u00fc\u00e7lendirin: G\u00f6\u00e7menler i\u00e7in destek"},"content":{"rendered":"","protected":false},"excerpt":{"rendered":"","protected":false},"author":4,"featured_media":0,"parent":853,"menu_order":0,"comment_status":"closed","ping_status":"closed","template":"","meta":{"inline_featured_image":false,"footnotes":""},"class_list":["post-2961","page","type-page","status-publish","hentry"],"yoast_head":"<!-- This site is optimized with the Yoast SEO plugin v27.4 - https:\/\/yoast.com\/product\/yoast-seo-wordpress\/ -->\n<title>G\u00f6\u00e7menleri G\u00fc\u00e7lendirin: G\u00f6\u00e7menler i\u00e7in destek - ZEPGIS - Zentrum f\u00fcr psychosoziale Gesundheit in Schaumburg<\/title>\n<meta name=\"description\" content=\"&quot;G\u00f6\u00e7menleri G\u00fc\u00e7lendir&quot;, \u00f6zellikle Schaumburg b\u00f6lgesindeki g\u00f6\u00e7menlerin ihtiya\u00e7 duyduklar\u0131 deste\u011fi bulmalar\u0131na yard\u0131mc\u0131 olmak i\u00e7in \u00f6zel olarak geli\u015ftirilmi\u015f bir projedir.\" \/>\n<meta name=\"robots\" content=\"index, follow, max-snippet:-1, max-image-preview:large, max-video-preview:-1\" \/>\n<link rel=\"canonical\" href=\"https:\/\/zepgis.de\/tr\/anasayfa\/goecmenleri-gueclendirin-goecmenler-icin-destek-2\/\" \/>\n<meta property=\"og:locale\" content=\"tr_TR\" \/>\n<meta property=\"og:type\" content=\"article\" \/>\n<meta property=\"og:title\" content=\"G\u00f6\u00e7menleri G\u00fc\u00e7lendirin: G\u00f6\u00e7menler i\u00e7in destek - ZEPGIS - Zentrum f\u00fcr psychosoziale Gesundheit in Schaumburg\" \/>\n<meta property=\"og:description\" content=\"&quot;G\u00f6\u00e7menleri G\u00fc\u00e7lendir&quot;, \u00f6zellikle Schaumburg b\u00f6lgesindeki g\u00f6\u00e7menlerin ihtiya\u00e7 duyduklar\u0131 deste\u011fi bulmalar\u0131na yard\u0131mc\u0131 olmak i\u00e7in \u00f6zel olarak geli\u015ftirilmi\u015f bir projedir.\" \/>\n<meta property=\"og:url\" content=\"https:\/\/zepgis.de\/tr\/anasayfa\/goecmenleri-gueclendirin-goecmenler-icin-destek-2\/\" \/>\n<meta property=\"og:site_name\" content=\"ZEPGIS - Zentrum f\u00fcr psychosoziale Gesundheit in Schaumburg\" \/>\n<meta property=\"article:modified_time\" content=\"2026-02-03T13:46:40+00:00\" \/>\n<meta name=\"twitter:card\" content=\"summary_large_image\" \/>\n<meta name=\"twitter:label1\" content=\"Tahmini okuma s\u00fcresi\" \/>\n\t<meta name=\"twitter:data1\" content=\"12 dakika\" \/>\n<!-- \/ Yoast SEO plugin. -->","yoast_head_json":{"title":"G\u00f6\u00e7menleri G\u00fc\u00e7lendirin: G\u00f6\u00e7menler i\u00e7in destek - ZEPGIS - Zentrum f\u00fcr psychosoziale Gesundheit in Schaumburg","description":"\"G\u00f6\u00e7menleri G\u00fc\u00e7lendir\", \u00f6zellikle Schaumburg b\u00f6lgesindeki g\u00f6\u00e7menlerin ihtiya\u00e7 duyduklar\u0131 deste\u011fi bulmalar\u0131na yard\u0131mc\u0131 olmak i\u00e7in \u00f6zel olarak geli\u015ftirilmi\u015f bir projedir.","robots":{"index":"index","follow":"follow","max-snippet":"max-snippet:-1","max-image-preview":"max-image-preview:large","max-video-preview":"max-video-preview:-1"},"canonical":"https:\/\/zepgis.de\/tr\/anasayfa\/goecmenleri-gueclendirin-goecmenler-icin-destek-2\/","og_locale":"tr_TR","og_type":"article","og_title":"G\u00f6\u00e7menleri G\u00fc\u00e7lendirin: G\u00f6\u00e7menler i\u00e7in destek - ZEPGIS - Zentrum f\u00fcr psychosoziale Gesundheit in Schaumburg","og_description":"\"G\u00f6\u00e7menleri G\u00fc\u00e7lendir\", \u00f6zellikle Schaumburg b\u00f6lgesindeki g\u00f6\u00e7menlerin ihtiya\u00e7 duyduklar\u0131 deste\u011fi bulmalar\u0131na yard\u0131mc\u0131 olmak i\u00e7in \u00f6zel olarak geli\u015ftirilmi\u015f bir projedir.","og_url":"https:\/\/zepgis.de\/tr\/anasayfa\/goecmenleri-gueclendirin-goecmenler-icin-destek-2\/","og_site_name":"ZEPGIS - Zentrum f\u00fcr psychosoziale Gesundheit in Schaumburg","article_modified_time":"2026-02-03T13:46:40+00:00","twitter_card":"summary_large_image","twitter_misc":{"Tahmini okuma s\u00fcresi":"12 dakika"},"schema":{"@context":"https:\/\/schema.org","@graph":[{"@type":"WebPage","@id":"https:\/\/zepgis.de\/tr\/anasayfa\/goecmenleri-gueclendirin-goecmenler-icin-destek-2\/","url":"https:\/\/zepgis.de\/tr\/anasayfa\/goecmenleri-gueclendirin-goecmenler-icin-destek-2\/","name":"G\u00f6\u00e7menleri G\u00fc\u00e7lendirin: G\u00f6\u00e7menler i\u00e7in destek - ZEPGIS - Zentrum f\u00fcr psychosoziale Gesundheit in Schaumburg","isPartOf":{"@id":"https:\/\/zepgis.de\/tr\/#website"},"datePublished":"2026-02-03T13:28:40+00:00","dateModified":"2026-02-03T13:46:40+00:00","description":"\"G\u00f6\u00e7menleri G\u00fc\u00e7lendir\", \u00f6zellikle Schaumburg b\u00f6lgesindeki g\u00f6\u00e7menlerin ihtiya\u00e7 duyduklar\u0131 deste\u011fi bulmalar\u0131na yard\u0131mc\u0131 olmak i\u00e7in \u00f6zel olarak geli\u015ftirilmi\u015f bir projedir.","breadcrumb":{"@id":"https:\/\/zepgis.de\/tr\/anasayfa\/goecmenleri-gueclendirin-goecmenler-icin-destek-2\/#breadcrumb"},"inLanguage":"tr","potentialAction":[{"@type":"ReadAction","target":["https:\/\/zepgis.de\/tr\/anasayfa\/goecmenleri-gueclendirin-goecmenler-icin-destek-2\/"]}]},{"@type":"BreadcrumbList","@id":"https:\/\/zepgis.de\/tr\/anasayfa\/goecmenleri-gueclendirin-goecmenler-icin-destek-2\/#breadcrumb","itemListElement":[{"@type":"ListItem","position":1,"name":"Startseite","item":"https:\/\/zepgis.de\/tr\/"},{"@type":"ListItem","position":2,"name":"ZePGiS e.V.","item":"https:\/\/zepgis.de\/tr\/"},{"@type":"ListItem","position":3,"name":"G\u00f6\u00e7menleri G\u00fc\u00e7lendirin: G\u00f6\u00e7menler i\u00e7in destek"}]},{"@type":"WebSite","@id":"https:\/\/zepgis.de\/tr\/#website","url":"https:\/\/zepgis.de\/tr\/","name":"ZePGiS e.V. - Zentrum f\u00fcr psychosoziale Gesundheit in Schaumburg","description":"","publisher":{"@id":"https:\/\/zepgis.de\/tr\/#organization"},"potentialAction":[{"@type":"SearchAction","target":{"@type":"EntryPoint","urlTemplate":"https:\/\/zepgis.de\/tr\/?s={search_term_string}"},"query-input":{"@type":"PropertyValueSpecification","valueRequired":true,"valueName":"search_term_string"}}],"inLanguage":"tr"},{"@type":"Organization","@id":"https:\/\/zepgis.de\/tr\/#organization","name":"ZEPGIS - Zentrum f\u00fcr psychosoziale Gesundheit in Schaumburg","url":"https:\/\/zepgis.de\/tr\/","logo":{"@type":"ImageObject","inLanguage":"tr","@id":"https:\/\/zepgis.de\/tr\/#\/schema\/logo\/image\/","url":"https:\/\/zepgis.de\/wp-content\/uploads\/2024\/02\/Logo_Web.svg","contentUrl":"https:\/\/zepgis.de\/wp-content\/uploads\/2024\/02\/Logo_Web.svg","width":198,"height":100,"caption":"ZEPGIS - Zentrum f\u00fcr psychosoziale Gesundheit in Schaumburg"},"image":{"@id":"https:\/\/zepgis.de\/tr\/#\/schema\/logo\/image\/"}}]}},"_links":{"self":[{"href":"https:\/\/zepgis.de\/tr\/wp-json\/wp\/v2\/pages\/2961","targetHints":{"allow":["GET"]}}],"collection":[{"href":"https:\/\/zepgis.de\/tr\/wp-json\/wp\/v2\/pages"}],"about":[{"href":"https:\/\/zepgis.de\/tr\/wp-json\/wp\/v2\/types\/page"}],"author":[{"embeddable":true,"href":"https:\/\/zepgis.de\/tr\/wp-json\/wp\/v2\/users\/4"}],"replies":[{"embeddable":true,"href":"https:\/\/zepgis.de\/tr\/wp-json\/wp\/v2\/comments?post=2961"}],"version-history":[{"count":1,"href":"https:\/\/zepgis.de\/tr\/wp-json\/wp\/v2\/pages\/2961\/revisions"}],"predecessor-version":[{"id":2969,"href":"https:\/\/zepgis.de\/tr\/wp-json\/wp\/v2\/pages\/2961\/revisions\/2969"}],"up":[{"embeddable":true,"href":"https:\/\/zepgis.de\/tr\/wp-json\/wp\/v2\/pages\/853"}],"wp:attachment":[{"href":"https:\/\/zepgis.de\/tr\/wp-json\/wp\/v2\/media?parent=2961"}],"curies":[{"name":"wp","href":"https:\/\/api.w.org\/{rel}","templated":true}]}}